{"id":38615,"date":"2023-10-23T20:06:10","date_gmt":"2023-10-23T18:06:10","guid":{"rendered":"https:\/\/www.chaletmasovecchio.it\/aktivitaeten-und-sport\/"},"modified":"2025-07-16T12:18:31","modified_gmt":"2025-07-16T10:18:31","slug":"aktivitaeten-und-sport","status":"publish","type":"page","link":"https:\/\/www.chaletmasovecchio.it\/de\/aktivitaeten-und-sport\/","title":{"rendered":"Aktivit\u00e4ten und Sport"},"content":{"rendered":"\t\t<div data-elementor-type=\"wp-page\" data-elementor-id=\"38615\" class=\"elementor elementor-38615 elementor-36800\">\n\t\t\t\t\t\t<section class=\"elementor-section elementor-top-section elementor-element elementor-element-6bc33fc elementor-section-boxed elementor-section-height-default elementor-section-height-default\" data-id=\"6bc33fc\" data-element_type=\"section\" data-e-type=\"section\">\n\t\t\t\t\t\t<div class=\"elementor-container elementor-column-gap-default\">\n\t\t\t\t\t<div class=\"elementor-column elementor-col-100 elementor-top-column elementor-element elementor-element-0f18b2e\" data-id=\"0f18b2e\" data-element_type=\"column\" data-e-type=\"column\">\n\t\t\t<div class=\"elementor-widget-wrap elementor-element-populated\">\n\t\t\t\t\t\t<div class=\"elementor-element elementor-element-e512750 elementor-widget elementor-widget-heading\" data-id=\"e512750\" data-element_type=\"widget\" data-e-type=\"widget\" data-widget_type=\"heading.default\">\n\t\t\t\t<div class=\"elementor-widget-container\">\n\t\t\t\t\t<h1 class=\"elementor-heading-title elementor-size-xl\">Aktivit\u00e4ten und Sport<\/h1>\t\t\t\t<\/div>\n\t\t\t\t<\/div>\n\t\t\t\t<div class=\"elementor-element elementor-element-f014583 elementor-widget elementor-widget-heading\" data-id=\"f014583\" data-element_type=\"widget\" data-e-type=\"widget\" data-widget_type=\"heading.default\">\n\t\t\t\t<div class=\"elementor-widget-container\">\n\t\t\t\t\t<h2 class=\"elementor-heading-title elementor-size-default\">Entspannender oder aktiver Urlaub?<\/h2>\t\t\t\t<\/div>\n\t\t\t\t<\/div>\n\t\t\t\t<div class=\"elementor-element elementor-element-f9faecf elementor-widget elementor-widget-spacer\" data-id=\"f9faecf\" data-element_type=\"widget\" data-e-type=\"widget\" data-widget_type=\"spacer.default\">\n\t\t\t\t<div class=\"elementor-widget-container\">\n\t\t\t\t\t\t\t<div class=\"elementor-spacer\">\n\t\t\t<div class=\"elementor-spacer-inner\"><\/div>\n\t\t<\/div>\n\t\t\t\t\t\t<\/div>\n\t\t\t\t<\/div>\n\t\t\t\t\t<\/div>\n\t\t<\/div>\n\t\t\t\t\t<\/div>\n\t\t<\/section>\n\t\t\t\t<section class=\"elementor-section elementor-top-section elementor-element elementor-element-0a646ed elementor-section-full_width elementor-section-height-default elementor-section-height-default\" data-id=\"0a646ed\" data-element_type=\"section\" data-e-type=\"section\">\n\t\t\t\t\t\t<div class=\"elementor-container elementor-column-gap-no\">\n\t\t\t\t\t<div class=\"elementor-column elementor-col-100 elementor-top-column elementor-element elementor-element-f2789b6\" data-id=\"f2789b6\" data-element_type=\"column\" data-e-type=\"column\">\n\t\t\t<div class=\"elementor-widget-wrap elementor-element-populated\">\n\t\t\t\t\t\t<div class=\"elementor-element elementor-element-2ee8212 elementor-widget elementor-widget-text-editor\" data-id=\"2ee8212\" data-element_type=\"widget\" data-e-type=\"widget\" data-widget_type=\"text-editor.default\">\n\t\t\t\t<div class=\"elementor-widget-container\">\n\t\t\t\t\t\t\t\t\t<p>Die Wahl zwischen einem erholsamen Urlaub in vollem Kontakt mit der Natur und einem aktiven Abenteuer kann ein faszinierendes Dilemma sein.<\/p><p>Wenn Sie absolute <strong>Ruhe und Erholung<\/strong> inmitten der stillen Sch\u00f6nheit der Natur suchen, ist ein <a href=\"https:\/\/www.chaletmasovecchio.it\/natura-e-scienza\/\">Entspannungsurlaub<\/a> die perfekte Wahl. Im Chalet Maso Vecchio k\u00f6nnen Sie sich in der Sonne ausstrecken, dem Gesang der V\u00f6gel lauschen und die frische Bergluft einatmen. Dank der Liebe zum Detail und der Verwendung nat\u00fcrlicher Materialien aus der Region erh\u00e4lt die Entspannung hier eine neue Dimension. Jedes Chalet ist ein greifbares Zeugnis der Liebe zur Natur, mit einer Einrichtung, die bis ins kleinste Detail sorgf\u00e4ltig gestaltet wurde. Das Holz aus den umliegenden W\u00e4ldern verleiht den R\u00e4umen W\u00e4rme, w\u00e4hrend die f\u00fcr den Bodenbelag verwendeten Steine einen Hauch von rustikaler Eleganz verleihen.<\/p><p>Wenn Sie ein Fan von Outdoor-Aktivit\u00e4ten sind und <strong>einen unvergesslichen Nervenkitzel<\/strong> suchen, ist die Option <a href=\"https:\/\/www.chaletmasovecchio.it\/sport\/\">Sport<\/a> die ideale Wahl. Wanderer haben die M\u00f6glichkeit, malerische Pfade und Bergrouten zu erkunden, die au\u00dfergew\u00f6hnliche Aussichten und ein abenteuerliches Erlebnis bieten. Radbegeisterte k\u00f6nnen aufregende Abfahrten an den Bergh\u00e4ngen genie\u00dfen oder die malerischen Landstra\u00dfen erkunden. Im Winter bietet das Skigebiet mehrere Pisten, die f\u00fcr alle K\u00f6nnerstufen geeignet sind, vom Anf\u00e4nger bis zum Experten. Kurzum, Sie haben zahlreiche M\u00f6glichkeiten, Ihre Lust auf sportliche Abenteuer in der freien Natur zu befriedigen und dabei ganz in die nat\u00fcrliche Sch\u00f6nheit dieses bezaubernden Tals einzutauchen.<\/p><p>Au\u00dferdem, dank der <a href=\"https:\/\/www.visittrentino.info\/it\/esperienze\/trentino-guest-card\" target=\"_blank\" rel=\"noopener\"><span style=\"text-decoration: underline;\">Trentino G\u00e4stekarte<\/span><\/a> einen <strong>Pass, der Ihren Urlaub einfacher und reicher macht<\/strong>. Sie k\u00f6nnen zum Beispiel die Vorschl\u00e4ge von Visit Trentino abrufen, Tickets und Dienstleistungen buchen und die wichtigsten Museen, Schl\u00f6sser und Naturparks kostenlos oder zu einem erm\u00e4\u00dfigten Tarif besuchen. Vor allem aber k\u00f6nnen Sie die \u00f6ffentlichen Verkehrsmittel ungehindert nutzen und so den Verkehr und das Parken vermeiden, Sie erhalten Erm\u00e4\u00dfigungen bei angeschlossenen Einrichtungen und haben Zugang zu exklusiven Dienstleistungen wie F\u00fchrungen und Verkostungen.<\/p><p>Beide M\u00f6glichkeiten haben ihren Reiz, aber die endg\u00fcltige Entscheidung wird davon abh\u00e4ngen, ob Sie sich entspannen oder ein aktives und spannendes Erlebnis suchen wollen. Wie auch immer Sie sich entscheiden, eines ist sicher: Die Natur wird Sie mit offenen Armen empfangen und Ihnen einen unvergesslichen Urlaub bescheren, der ganz auf Ihre W\u00fcnsche und Bed\u00fcrfnisse zugeschnitten ist.<\/p><p>W\u00e4hlen Sie das Thema f\u00fcr Ihren n\u00e4chsten Urlaub:<\/p>\t\t\t\t\t\t\t\t<\/div>\n\t\t\t\t<\/div>\n\t\t\t\t\t<\/div>\n\t\t<\/div>\n\t\t\t\t\t<\/div>\n\t\t<\/section>\n\t\t\t\t<section class=\"elementor-section elementor-top-section elementor-element elementor-element-1f82338 elementor-section-full_width elementor-section-height-default elementor-section-height-default\" data-id=\"1f82338\" data-element_type=\"section\" data-e-type=\"section\">\n\t\t\t\t\t\t<div class=\"elementor-container elementor-column-gap-default\">\n\t\t\t\t\t<div class=\"elementor-column elementor-col-50 elementor-top-column elementor-element elementor-element-7cc1d43\" data-id=\"7cc1d43\" data-element_type=\"column\" data-e-type=\"column\">\n\t\t\t<div class=\"elementor-widget-wrap elementor-element-populated\">\n\t\t\t\t\t\t<div class=\"elementor-element elementor-element-a65711d elementor-widget elementor-widget-image\" data-id=\"a65711d\" data-element_type=\"widget\" data-e-type=\"widget\" data-widget_type=\"image.default\">\n\t\t\t\t<div class=\"elementor-widget-container\">\n\t\t\t\t\t\t\t\t\t\t\t\t\t\t\t\t<a href=\"https:\/\/www.chaletmasovecchio.it\/natura-e-scienza\/\">\n\t\t\t\t\t\t\t<img fetchpriority=\"high\" decoding=\"async\" width=\"768\" height=\"252\" src=\"https:\/\/www.chaletmasovecchio.it\/wp-content\/uploads\/2023\/10\/natura_scienza-768x252.webp\" class=\"attachment-medium_large size-medium_large wp-image-38265\" alt=\"\" srcset=\"https:\/\/www.chaletmasovecchio.it\/wp-content\/uploads\/2023\/10\/natura_scienza-768x252.webp 768w, https:\/\/www.chaletmasovecchio.it\/wp-content\/uploads\/2023\/10\/natura_scienza-300x98.webp 300w, https:\/\/www.chaletmasovecchio.it\/wp-content\/uploads\/2023\/10\/natura_scienza-1024x336.webp 1024w, https:\/\/www.chaletmasovecchio.it\/wp-content\/uploads\/2023\/10\/natura_scienza-1536x504.webp 1536w, https:\/\/www.chaletmasovecchio.it\/wp-content\/uploads\/2023\/10\/natura_scienza.webp 1891w\" sizes=\"(max-width: 768px) 100vw, 768px\" \/>\t\t\t\t\t\t\t\t<\/a>\n\t\t\t\t\t\t\t\t\t\t\t\t\t\t\t<\/div>\n\t\t\t\t<\/div>\n\t\t\t\t<div class=\"elementor-element elementor-element-90731e5 elementor-widget elementor-widget-heading\" data-id=\"90731e5\" data-element_type=\"widget\" data-e-type=\"widget\" data-widget_type=\"heading.default\">\n\t\t\t\t<div class=\"elementor-widget-container\">\n\t\t\t\t\t<h2 class=\"elementor-heading-title elementor-size-default\"><a href=\"https:\/\/www.chaletmasovecchio.it\/natura-e-scienza\/\">Natur und Wissenschaft<\/a><\/h2>\t\t\t\t<\/div>\n\t\t\t\t<\/div>\n\t\t\t\t\t<\/div>\n\t\t<\/div>\n\t\t\t\t<div class=\"elementor-column elementor-col-50 elementor-top-column elementor-element elementor-element-be1d5c1\" data-id=\"be1d5c1\" data-element_type=\"column\" data-e-type=\"column\">\n\t\t\t<div class=\"elementor-widget-wrap elementor-element-populated\">\n\t\t\t\t\t\t<div class=\"elementor-element elementor-element-7e7825a elementor-widget elementor-widget-image\" data-id=\"7e7825a\" data-element_type=\"widget\" data-e-type=\"widget\" data-widget_type=\"image.default\">\n\t\t\t\t<div class=\"elementor-widget-container\">\n\t\t\t\t\t\t\t\t\t\t\t\t\t\t\t\t<a href=\"https:\/\/www.chaletmasovecchio.it\/sport\/\">\n\t\t\t\t\t\t\t<img decoding=\"async\" width=\"768\" height=\"251\" src=\"https:\/\/www.chaletmasovecchio.it\/wp-content\/uploads\/2023\/10\/sport-768x251.webp\" class=\"attachment-medium_large size-medium_large wp-image-38259\" alt=\"\" srcset=\"https:\/\/www.chaletmasovecchio.it\/wp-content\/uploads\/2023\/10\/sport-768x251.webp 768w, https:\/\/www.chaletmasovecchio.it\/wp-content\/uploads\/2023\/10\/sport-300x98.webp 300w, https:\/\/www.chaletmasovecchio.it\/wp-content\/uploads\/2023\/10\/sport-1024x334.webp 1024w, https:\/\/www.chaletmasovecchio.it\/wp-content\/uploads\/2023\/10\/sport-1536x501.webp 1536w, https:\/\/www.chaletmasovecchio.it\/wp-content\/uploads\/2023\/10\/sport.webp 1900w\" sizes=\"(max-width: 768px) 100vw, 768px\" \/>\t\t\t\t\t\t\t\t<\/a>\n\t\t\t\t\t\t\t\t\t\t\t\t\t\t\t<\/div>\n\t\t\t\t<\/div>\n\t\t\t\t<div class=\"elementor-element elementor-element-7330d42 elementor-widget elementor-widget-heading\" data-id=\"7330d42\" data-element_type=\"widget\" data-e-type=\"widget\" data-widget_type=\"heading.default\">\n\t\t\t\t<div class=\"elementor-widget-container\">\n\t\t\t\t\t<h2 class=\"elementor-heading-title elementor-size-default\"><a href=\"https:\/\/www.chaletmasovecchio.it\/sport\/\">Sport<\/a><\/h2>\t\t\t\t<\/div>\n\t\t\t\t<\/div>\n\t\t\t\t\t<\/div>\n\t\t<\/div>\n\t\t\t\t\t<\/div>\n\t\t<\/section>\n\t\t\t\t<\/div>\n\t\t","protected":false},"excerpt":{"rendered":"<p>Aktivit\u00e4ten und Sport Entspannender oder aktiver Urlaub? Die Wahl zwischen einem erholsamen Urlaub in vollem Kontakt mit der Natur und einem aktiven Abenteuer kann ein faszinierendes Dilemma sein. Wenn Sie absolute Ruhe und Erholung inmitten der stillen Sch\u00f6nheit der Natur suchen, ist ein Entspannungsurlaub die perfekte Wahl. Im Chalet Maso Vecchio k\u00f6nnen Sie sich in &#8230;<\/p>\n","protected":false},"author":1,"featured_media":0,"parent":0,"menu_order":0,"comment_status":"closed","ping_status":"closed","template":"","meta":{"footnotes":""},"class_list":["post-38615","page","type-page","status-publish","hentry"],"yoast_head":"<!-- This site is optimized with the Yoast SEO plugin v27.4 - https:\/\/yoast.com\/product\/yoast-seo-wordpress\/ -->\n<title>Aktivit\u00e4ten und Sport - Chalet Maso Vecchio<\/title>\n<meta name=\"description\" content=\"Entspannender oder aktiver Urlaub? Entdecken Sie ma\u00dfgeschneiderte Optionen f\u00fcr Ihren idealen Urlaub!\" \/>\n<meta name=\"robots\" content=\"index, follow, max-snippet:-1, max-image-preview:large, max-video-preview:-1\" \/>\n<link rel=\"canonical\" href=\"https:\/\/www.chaletmasovecchio.it\/de\/aktivitaeten-und-sport\/\" \/>\n<meta property=\"og:locale\" content=\"de_DE\" \/>\n<meta property=\"og:type\" content=\"article\" \/>\n<meta property=\"og:title\" content=\"Aktivit\u00e4ten und Sport - Chalet Maso Vecchio\" \/>\n<meta property=\"og:description\" content=\"Entspannender oder aktiver Urlaub? Entdecken Sie ma\u00dfgeschneiderte Optionen f\u00fcr Ihren idealen Urlaub!\" \/>\n<meta property=\"og:url\" content=\"https:\/\/www.chaletmasovecchio.it\/de\/aktivitaeten-und-sport\/\" \/>\n<meta property=\"og:site_name\" content=\"Chalet Maso Vecchio\" \/>\n<meta property=\"article:modified_time\" content=\"2025-07-16T10:18:31+00:00\" \/>\n<meta property=\"og:image\" content=\"https:\/\/www.chaletmasovecchio.it\/wp-content\/uploads\/2023\/10\/natura_scienza-768x252.webp\" \/>\n<meta name=\"twitter:card\" content=\"summary_large_image\" \/>\n<meta name=\"twitter:label1\" content=\"Gesch\u00e4tzte Lesezeit\" \/>\n\t<meta name=\"twitter:data1\" content=\"3\u00a0Minuten\" \/>\n<script type=\"application\/ld+json\" class=\"yoast-schema-graph\">{\"@context\":\"https:\\\/\\\/schema.org\",\"@graph\":[{\"@type\":\"WebPage\",\"@id\":\"https:\\\/\\\/www.chaletmasovecchio.it\\\/de\\\/aktivitaeten-und-sport\\\/\",\"url\":\"https:\\\/\\\/www.chaletmasovecchio.it\\\/de\\\/aktivitaeten-und-sport\\\/\",\"name\":\"Aktivit\u00e4ten und Sport - Chalet Maso Vecchio\",\"isPartOf\":{\"@id\":\"https:\\\/\\\/www.chaletmasovecchio.it\\\/de\\\/#website\"},\"primaryImageOfPage\":{\"@id\":\"https:\\\/\\\/www.chaletmasovecchio.it\\\/de\\\/aktivitaeten-und-sport\\\/#primaryimage\"},\"image\":{\"@id\":\"https:\\\/\\\/www.chaletmasovecchio.it\\\/de\\\/aktivitaeten-und-sport\\\/#primaryimage\"},\"thumbnailUrl\":\"https:\\\/\\\/www.chaletmasovecchio.it\\\/wp-content\\\/uploads\\\/2023\\\/10\\\/natura_scienza-768x252.webp\",\"datePublished\":\"2023-10-23T18:06:10+00:00\",\"dateModified\":\"2025-07-16T10:18:31+00:00\",\"description\":\"Entspannender oder aktiver Urlaub? Entdecken Sie ma\u00dfgeschneiderte Optionen f\u00fcr Ihren idealen Urlaub!\",\"breadcrumb\":{\"@id\":\"https:\\\/\\\/www.chaletmasovecchio.it\\\/de\\\/aktivitaeten-und-sport\\\/#breadcrumb\"},\"inLanguage\":\"de\",\"potentialAction\":[{\"@type\":\"ReadAction\",\"target\":[\"https:\\\/\\\/www.chaletmasovecchio.it\\\/de\\\/aktivitaeten-und-sport\\\/\"]}]},{\"@type\":\"ImageObject\",\"inLanguage\":\"de\",\"@id\":\"https:\\\/\\\/www.chaletmasovecchio.it\\\/de\\\/aktivitaeten-und-sport\\\/#primaryimage\",\"url\":\"https:\\\/\\\/www.chaletmasovecchio.it\\\/wp-content\\\/uploads\\\/2023\\\/10\\\/natura_scienza-768x252.webp\",\"contentUrl\":\"https:\\\/\\\/www.chaletmasovecchio.it\\\/wp-content\\\/uploads\\\/2023\\\/10\\\/natura_scienza-768x252.webp\"},{\"@type\":\"BreadcrumbList\",\"@id\":\"https:\\\/\\\/www.chaletmasovecchio.it\\\/de\\\/aktivitaeten-und-sport\\\/#breadcrumb\",\"itemListElement\":[{\"@type\":\"ListItem\",\"position\":1,\"name\":\"Home\",\"item\":\"https:\\\/\\\/www.chaletmasovecchio.it\\\/de\\\/\"},{\"@type\":\"ListItem\",\"position\":2,\"name\":\"Aktivit\u00e4ten und Sport\"}]},{\"@type\":\"WebSite\",\"@id\":\"https:\\\/\\\/www.chaletmasovecchio.it\\\/de\\\/#website\",\"url\":\"https:\\\/\\\/www.chaletmasovecchio.it\\\/de\\\/\",\"name\":\"Chalet Maso Vecchio\",\"description\":\"\",\"publisher\":{\"@id\":\"https:\\\/\\\/www.chaletmasovecchio.it\\\/de\\\/#organization\"},\"potentialAction\":[{\"@type\":\"SearchAction\",\"target\":{\"@type\":\"EntryPoint\",\"urlTemplate\":\"https:\\\/\\\/www.chaletmasovecchio.it\\\/de\\\/?s={search_term_string}\"},\"query-input\":{\"@type\":\"PropertyValueSpecification\",\"valueRequired\":true,\"valueName\":\"search_term_string\"}}],\"inLanguage\":\"de\"},{\"@type\":\"Organization\",\"@id\":\"https:\\\/\\\/www.chaletmasovecchio.it\\\/de\\\/#organization\",\"name\":\"Chalet Maso Vecchio\",\"url\":\"https:\\\/\\\/www.chaletmasovecchio.it\\\/de\\\/\",\"logo\":{\"@type\":\"ImageObject\",\"inLanguage\":\"de\",\"@id\":\"https:\\\/\\\/www.chaletmasovecchio.it\\\/de\\\/#\\\/schema\\\/logo\\\/image\\\/\",\"url\":\"https:\\\/\\\/www.chaletmasovecchio.it\\\/wp-content\\\/uploads\\\/2023\\\/12\\\/logo-baita_2x.png\",\"contentUrl\":\"https:\\\/\\\/www.chaletmasovecchio.it\\\/wp-content\\\/uploads\\\/2023\\\/12\\\/logo-baita_2x.png\",\"width\":370,\"height\":150,\"caption\":\"Chalet Maso Vecchio\"},\"image\":{\"@id\":\"https:\\\/\\\/www.chaletmasovecchio.it\\\/de\\\/#\\\/schema\\\/logo\\\/image\\\/\"},\"sameAs\":[\"https:\\\/\\\/www.instagram.com\\\/chalet_maso_vecchio\\\/\"]}]}<\/script>\n<!-- \/ Yoast SEO plugin. -->","yoast_head_json":{"title":"Aktivit\u00e4ten und Sport - Chalet Maso Vecchio","description":"Entspannender oder aktiver Urlaub? Entdecken Sie ma\u00dfgeschneiderte Optionen f\u00fcr Ihren idealen Urlaub!","robots":{"index":"index","follow":"follow","max-snippet":"max-snippet:-1","max-image-preview":"max-image-preview:large","max-video-preview":"max-video-preview:-1"},"canonical":"https:\/\/www.chaletmasovecchio.it\/de\/aktivitaeten-und-sport\/","og_locale":"de_DE","og_type":"article","og_title":"Aktivit\u00e4ten und Sport - Chalet Maso Vecchio","og_description":"Entspannender oder aktiver Urlaub? Entdecken Sie ma\u00dfgeschneiderte Optionen f\u00fcr Ihren idealen Urlaub!","og_url":"https:\/\/www.chaletmasovecchio.it\/de\/aktivitaeten-und-sport\/","og_site_name":"Chalet Maso Vecchio","article_modified_time":"2025-07-16T10:18:31+00:00","og_image":[{"url":"https:\/\/www.chaletmasovecchio.it\/wp-content\/uploads\/2023\/10\/natura_scienza-768x252.webp","type":"","width":"","height":""}],"twitter_card":"summary_large_image","twitter_misc":{"Gesch\u00e4tzte Lesezeit":"3\u00a0Minuten"},"schema":{"@context":"https:\/\/schema.org","@graph":[{"@type":"WebPage","@id":"https:\/\/www.chaletmasovecchio.it\/de\/aktivitaeten-und-sport\/","url":"https:\/\/www.chaletmasovecchio.it\/de\/aktivitaeten-und-sport\/","name":"Aktivit\u00e4ten und Sport - Chalet Maso Vecchio","isPartOf":{"@id":"https:\/\/www.chaletmasovecchio.it\/de\/#website"},"primaryImageOfPage":{"@id":"https:\/\/www.chaletmasovecchio.it\/de\/aktivitaeten-und-sport\/#primaryimage"},"image":{"@id":"https:\/\/www.chaletmasovecchio.it\/de\/aktivitaeten-und-sport\/#primaryimage"},"thumbnailUrl":"https:\/\/www.chaletmasovecchio.it\/wp-content\/uploads\/2023\/10\/natura_scienza-768x252.webp","datePublished":"2023-10-23T18:06:10+00:00","dateModified":"2025-07-16T10:18:31+00:00","description":"Entspannender oder aktiver Urlaub? Entdecken Sie ma\u00dfgeschneiderte Optionen f\u00fcr Ihren idealen Urlaub!","breadcrumb":{"@id":"https:\/\/www.chaletmasovecchio.it\/de\/aktivitaeten-und-sport\/#breadcrumb"},"inLanguage":"de","potentialAction":[{"@type":"ReadAction","target":["https:\/\/www.chaletmasovecchio.it\/de\/aktivitaeten-und-sport\/"]}]},{"@type":"ImageObject","inLanguage":"de","@id":"https:\/\/www.chaletmasovecchio.it\/de\/aktivitaeten-und-sport\/#primaryimage","url":"https:\/\/www.chaletmasovecchio.it\/wp-content\/uploads\/2023\/10\/natura_scienza-768x252.webp","contentUrl":"https:\/\/www.chaletmasovecchio.it\/wp-content\/uploads\/2023\/10\/natura_scienza-768x252.webp"},{"@type":"BreadcrumbList","@id":"https:\/\/www.chaletmasovecchio.it\/de\/aktivitaeten-und-sport\/#breadcrumb","itemListElement":[{"@type":"ListItem","position":1,"name":"Home","item":"https:\/\/www.chaletmasovecchio.it\/de\/"},{"@type":"ListItem","position":2,"name":"Aktivit\u00e4ten und Sport"}]},{"@type":"WebSite","@id":"https:\/\/www.chaletmasovecchio.it\/de\/#website","url":"https:\/\/www.chaletmasovecchio.it\/de\/","name":"Chalet Maso Vecchio","description":"","publisher":{"@id":"https:\/\/www.chaletmasovecchio.it\/de\/#organization"},"potentialAction":[{"@type":"SearchAction","target":{"@type":"EntryPoint","urlTemplate":"https:\/\/www.chaletmasovecchio.it\/de\/?s={search_term_string}"},"query-input":{"@type":"PropertyValueSpecification","valueRequired":true,"valueName":"search_term_string"}}],"inLanguage":"de"},{"@type":"Organization","@id":"https:\/\/www.chaletmasovecchio.it\/de\/#organization","name":"Chalet Maso Vecchio","url":"https:\/\/www.chaletmasovecchio.it\/de\/","logo":{"@type":"ImageObject","inLanguage":"de","@id":"https:\/\/www.chaletmasovecchio.it\/de\/#\/schema\/logo\/image\/","url":"https:\/\/www.chaletmasovecchio.it\/wp-content\/uploads\/2023\/12\/logo-baita_2x.png","contentUrl":"https:\/\/www.chaletmasovecchio.it\/wp-content\/uploads\/2023\/12\/logo-baita_2x.png","width":370,"height":150,"caption":"Chalet Maso Vecchio"},"image":{"@id":"https:\/\/www.chaletmasovecchio.it\/de\/#\/schema\/logo\/image\/"},"sameAs":["https:\/\/www.instagram.com\/chalet_maso_vecchio\/"]}]}},"_links":{"self":[{"href":"https:\/\/www.chaletmasovecchio.it\/de\/wp-json\/wp\/v2\/pages\/38615","targetHints":{"allow":["GET"]}}],"collection":[{"href":"https:\/\/www.chaletmasovecchio.it\/de\/wp-json\/wp\/v2\/pages"}],"about":[{"href":"https:\/\/www.chaletmasovecchio.it\/de\/wp-json\/wp\/v2\/types\/page"}],"author":[{"embeddable":true,"href":"https:\/\/www.chaletmasovecchio.it\/de\/wp-json\/wp\/v2\/users\/1"}],"replies":[{"embeddable":true,"href":"https:\/\/www.chaletmasovecchio.it\/de\/wp-json\/wp\/v2\/comments?post=38615"}],"version-history":[{"count":2,"href":"https:\/\/www.chaletmasovecchio.it\/de\/wp-json\/wp\/v2\/pages\/38615\/revisions"}],"predecessor-version":[{"id":38674,"href":"https:\/\/www.chaletmasovecchio.it\/de\/wp-json\/wp\/v2\/pages\/38615\/revisions\/38674"}],"wp:attachment":[{"href":"https:\/\/www.chaletmasovecchio.it\/de\/wp-json\/wp\/v2\/media?parent=38615"}],"curies":[{"name":"wp","href":"https:\/\/api.w.org\/{rel}","templated":true}]}}