{"id":38665,"date":"2015-04-23T12:57:21","date_gmt":"2015-04-23T10:57:21","guid":{"rendered":"https:\/\/www.chaletmasovecchio.it\/cookie-richtlinie\/"},"modified":"2025-07-16T12:33:45","modified_gmt":"2025-07-16T10:33:45","slug":"cookie-richtlinie","status":"publish","type":"page","link":"https:\/\/www.chaletmasovecchio.it\/de\/cookie-richtlinie\/","title":{"rendered":"Cookie-Richtlinie"},"content":{"rendered":"\n<p><strong class=\"privacy-policy-tutorial\">Letzte \u00c4nderung: <\/strong>26. Dezember 2023<br><strong class=\"privacy-policy-tutorial\">Datum des Inkrafttretens: <\/strong>23. Dezember 2023<\/p>\n\n\n\n<h2 class=\"wp-block-heading\">Was sind Cookies<\/h2>\n\n\n\n<p>Diese Cookie-Richtlinie erkl\u00e4rt, was Cookies sind und wie wir sie verwenden, welche Arten von Cookies wir verwenden, welche Informationen wir mit Hilfe von Cookies sammeln und wie wir sie verwenden und wie Sie Ihre Cookie-Einstellungen verwalten k\u00f6nnen.<\/p>\n\n\n\n<p>Cookies sind kleine Textdateien, die dazu dienen, kleine Informationen zu speichern. Sie werden auf Ihrem Ger\u00e4t gespeichert, wenn die Website in Ihrem Browser geladen wird. Diese Cookies helfen uns, die Website ordnungsgem\u00e4\u00df zu betreiben, sie sicherer zu machen, ein besseres Benutzererlebnis zu bieten, zu verstehen, wie die Website funktioniert und zu analysieren, was funktioniert und wo sie verbessert werden muss.  <\/p>\n\n\n\n<h2 class=\"wp-block-heading\">Wie wir Cookies verwenden<\/h2>\n\n\n\n<p>Wie die meisten Online-Dienste verwendet auch unsere Website Cookies von Erstanbietern und Drittanbietern f\u00fcr unterschiedliche Zwecke. Erstanbieter-Cookies sind meist notwendig, damit die Website ordnungsgem\u00e4\u00df funktioniert, und erheben keine pers\u00f6nlichen Daten. <\/p>\n\n\n\n<p>Die auf unserer Website verwendeten Cookies von Drittanbietern werden haupts\u00e4chlich dazu verwendet, um zu verstehen, wie die Website funktioniert, wie Sie mit unserer Website interagieren, um unsere Dienste sicher zu halten, um f\u00fcr Sie relevante Werbung bereitzustellen und um Ihnen letztendlich eine bessere und verbesserte Benutzererfahrung zu bieten und Ihre zuk\u00fcnftigen Interaktionen mit unserer Website zu beschleunigen.<\/p>\n\n\n\n<h2 class=\"wp-block-heading\">Verwendete Arten von Cookies<\/h2>\n\n\n\n<p>Siehe Cookie-Banner.<\/p>\n\n\n\n<h2 class=\"wp-block-heading\">Cookie-Einstellungen verwalten<\/h2>\n\n\n\n<p><\/p>\n\n\n\n<p><a>Cookie-Einstellungen<\/a><\/p>\n\n\n\n<p><\/p>\n\n\n\n<p>Sie k\u00f6nnen Ihre Cookie-Einstellungen jederzeit \u00e4ndern, indem Sie auf die Schaltfl\u00e4che oben klicken. Auf diese Weise k\u00f6nnen Sie das Cookie-Einwilligungsbanner erneut aufrufen und Ihre Einstellungen \u00e4ndern oder Ihre Einwilligung sofort widerrufen. <\/p>\n\n\n\n<p>Dar\u00fcber hinaus bieten verschiedene Browser unterschiedliche Methoden zum Blockieren und L\u00f6schen von Cookies, die von Websites verwendet werden. Sie k\u00f6nnen die Einstellungen Ihres Browsers \u00e4ndern, um Cookies zu blockieren\/l\u00f6schen. Nachstehend finden Sie Links zu Support-Dokumenten, die Ihnen zeigen, wie Sie Cookies in den wichtigsten Webbrowsern verwalten und l\u00f6schen k\u00f6nnen.  <\/p>\n\n\n\n<p>Chrom: <a target=\"_blank\" rel=\"noreferrer noopener\" href=\"https:\/\/support.google.com\/accounts\/answer\/32050\">https:\/\/support.google.com\/accounts\/answer\/32050<\/a><\/p>\n\n\n\n<p>Safari: <a target=\"_blank\" rel=\"noreferrer noopener\" href=\"https:\/\/support.apple.com\/en-in\/guide\/safari\/sfri11471\/mac\">https:\/\/support.apple.com\/en-in\/guide\/safari\/sfri11471\/mac<\/a><\/p>\n\n\n\n<p>Firefox: <a target=\"_blank\" rel=\"noreferrer noopener\" href=\"https:\/\/support.mozilla.org\/en-US\/kb\/clear-cookies-and-site-data-firefox?redirectslug=delete-cookies-remove-info-websites-stored&amp;redirectlocale=en-US\">https:\/\/support.mozilla.org\/en-US\/kb\/clear-cookies-and-site-data-firefox?redirectslug=delete-cookies-remove-info-websites-stored&amp;redirectlocale=en-US<\/a><\/p>\n\n\n\n<p>Internet Explorer: <a target=\"_blank\" rel=\"noreferrer noopener\" href=\"https:\/\/support.microsoft.com\/en-us\/topic\/how-to-delete-cookie-files-in-internet-explorer-bca9446f-d873-78de-77ba-d42645fa52fc\">https:\/\/support.microsoft.com\/en-us\/topic\/how-to-delete-cookie-files-in-internet-explorer-bca9446f-d873-78de-77ba-d42645fa52fc<\/a><\/p>\n\n\n\n<p>Wenn Sie einen anderen Webbrowser verwenden, konsultieren Sie bitte die offiziellen Support-Dokumente f\u00fcr Ihren Browser.<\/p>\n\n\n\n<p><\/p>\n","protected":false},"excerpt":{"rendered":"<p>Letzte \u00c4nderung: 26. Dezember 2023Datum des Inkrafttretens: 23. Dezember 2023 Was sind Cookies Diese Cookie-Richtlinie erkl\u00e4rt, was Cookies sind und wie wir sie verwenden, welche Arten von Cookies wir verwenden, welche Informationen wir mit Hilfe von Cookies sammeln und wie wir sie verwenden und wie Sie Ihre Cookie-Einstellungen verwalten k\u00f6nnen. Cookies sind kleine Textdateien, die &#8230;<\/p>\n","protected":false},"author":1,"featured_media":0,"parent":0,"menu_order":0,"comment_status":"closed","ping_status":"closed","template":"","meta":{"footnotes":""},"class_list":["post-38665","page","type-page","status-publish","hentry"],"yoast_head":"<!-- This site is optimized with the Yoast SEO plugin v27.4 - https:\/\/yoast.com\/product\/yoast-seo-wordpress\/ -->\n<title>Cookie-Richtlinie - Chalet Maso Vecchio<\/title>\n<meta name=\"robots\" content=\"index, follow, max-snippet:-1, max-image-preview:large, max-video-preview:-1\" \/>\n<link rel=\"canonical\" href=\"https:\/\/www.chaletmasovecchio.it\/de\/cookie-richtlinie\/\" \/>\n<meta property=\"og:locale\" content=\"de_DE\" \/>\n<meta property=\"og:type\" content=\"article\" \/>\n<meta property=\"og:title\" content=\"Cookie-Richtlinie - Chalet Maso Vecchio\" \/>\n<meta property=\"og:description\" content=\"Letzte \u00c4nderung: 26. Dezember 2023Datum des Inkrafttretens: 23. Dezember 2023 Was sind Cookies Diese Cookie-Richtlinie erkl\u00e4rt, was Cookies sind und wie wir sie verwenden, welche Arten von Cookies wir verwenden, welche Informationen wir mit Hilfe von Cookies sammeln und wie wir sie verwenden und wie Sie Ihre Cookie-Einstellungen verwalten k\u00f6nnen. Cookies sind kleine Textdateien, die ...\" \/>\n<meta property=\"og:url\" content=\"https:\/\/www.chaletmasovecchio.it\/de\/cookie-richtlinie\/\" \/>\n<meta property=\"og:site_name\" content=\"Chalet Maso Vecchio\" \/>\n<meta property=\"article:modified_time\" content=\"2025-07-16T10:33:45+00:00\" \/>\n<meta name=\"twitter:card\" content=\"summary_large_image\" \/>\n<meta name=\"twitter:label1\" content=\"Gesch\u00e4tzte Lesezeit\" \/>\n\t<meta name=\"twitter:data1\" content=\"2\u00a0Minuten\" \/>\n<script type=\"application\/ld+json\" class=\"yoast-schema-graph\">{\"@context\":\"https:\\\/\\\/schema.org\",\"@graph\":[{\"@type\":\"WebPage\",\"@id\":\"https:\\\/\\\/www.chaletmasovecchio.it\\\/de\\\/cookie-richtlinie\\\/\",\"url\":\"https:\\\/\\\/www.chaletmasovecchio.it\\\/de\\\/cookie-richtlinie\\\/\",\"name\":\"Cookie-Richtlinie - Chalet Maso Vecchio\",\"isPartOf\":{\"@id\":\"https:\\\/\\\/www.chaletmasovecchio.it\\\/de\\\/#website\"},\"datePublished\":\"2015-04-23T10:57:21+00:00\",\"dateModified\":\"2025-07-16T10:33:45+00:00\",\"breadcrumb\":{\"@id\":\"https:\\\/\\\/www.chaletmasovecchio.it\\\/de\\\/cookie-richtlinie\\\/#breadcrumb\"},\"inLanguage\":\"de\",\"potentialAction\":[{\"@type\":\"ReadAction\",\"target\":[\"https:\\\/\\\/www.chaletmasovecchio.it\\\/de\\\/cookie-richtlinie\\\/\"]}]},{\"@type\":\"BreadcrumbList\",\"@id\":\"https:\\\/\\\/www.chaletmasovecchio.it\\\/de\\\/cookie-richtlinie\\\/#breadcrumb\",\"itemListElement\":[{\"@type\":\"ListItem\",\"position\":1,\"name\":\"Home\",\"item\":\"https:\\\/\\\/www.chaletmasovecchio.it\\\/de\\\/\"},{\"@type\":\"ListItem\",\"position\":2,\"name\":\"Cookie-Richtlinie\"}]},{\"@type\":\"WebSite\",\"@id\":\"https:\\\/\\\/www.chaletmasovecchio.it\\\/de\\\/#website\",\"url\":\"https:\\\/\\\/www.chaletmasovecchio.it\\\/de\\\/\",\"name\":\"Chalet Maso Vecchio\",\"description\":\"\",\"publisher\":{\"@id\":\"https:\\\/\\\/www.chaletmasovecchio.it\\\/de\\\/#organization\"},\"potentialAction\":[{\"@type\":\"SearchAction\",\"target\":{\"@type\":\"EntryPoint\",\"urlTemplate\":\"https:\\\/\\\/www.chaletmasovecchio.it\\\/de\\\/?s={search_term_string}\"},\"query-input\":{\"@type\":\"PropertyValueSpecification\",\"valueRequired\":true,\"valueName\":\"search_term_string\"}}],\"inLanguage\":\"de\"},{\"@type\":\"Organization\",\"@id\":\"https:\\\/\\\/www.chaletmasovecchio.it\\\/de\\\/#organization\",\"name\":\"Chalet Maso Vecchio\",\"url\":\"https:\\\/\\\/www.chaletmasovecchio.it\\\/de\\\/\",\"logo\":{\"@type\":\"ImageObject\",\"inLanguage\":\"de\",\"@id\":\"https:\\\/\\\/www.chaletmasovecchio.it\\\/de\\\/#\\\/schema\\\/logo\\\/image\\\/\",\"url\":\"https:\\\/\\\/www.chaletmasovecchio.it\\\/wp-content\\\/uploads\\\/2023\\\/12\\\/logo-baita_2x.png\",\"contentUrl\":\"https:\\\/\\\/www.chaletmasovecchio.it\\\/wp-content\\\/uploads\\\/2023\\\/12\\\/logo-baita_2x.png\",\"width\":370,\"height\":150,\"caption\":\"Chalet Maso Vecchio\"},\"image\":{\"@id\":\"https:\\\/\\\/www.chaletmasovecchio.it\\\/de\\\/#\\\/schema\\\/logo\\\/image\\\/\"},\"sameAs\":[\"https:\\\/\\\/www.instagram.com\\\/chalet_maso_vecchio\\\/\"]}]}<\/script>\n<!-- \/ Yoast SEO plugin. -->","yoast_head_json":{"title":"Cookie-Richtlinie - Chalet Maso Vecchio","robots":{"index":"index","follow":"follow","max-snippet":"max-snippet:-1","max-image-preview":"max-image-preview:large","max-video-preview":"max-video-preview:-1"},"canonical":"https:\/\/www.chaletmasovecchio.it\/de\/cookie-richtlinie\/","og_locale":"de_DE","og_type":"article","og_title":"Cookie-Richtlinie - Chalet Maso Vecchio","og_description":"Letzte \u00c4nderung: 26. Dezember 2023Datum des Inkrafttretens: 23. Dezember 2023 Was sind Cookies Diese Cookie-Richtlinie erkl\u00e4rt, was Cookies sind und wie wir sie verwenden, welche Arten von Cookies wir verwenden, welche Informationen wir mit Hilfe von Cookies sammeln und wie wir sie verwenden und wie Sie Ihre Cookie-Einstellungen verwalten k\u00f6nnen. Cookies sind kleine Textdateien, die ...","og_url":"https:\/\/www.chaletmasovecchio.it\/de\/cookie-richtlinie\/","og_site_name":"Chalet Maso Vecchio","article_modified_time":"2025-07-16T10:33:45+00:00","twitter_card":"summary_large_image","twitter_misc":{"Gesch\u00e4tzte Lesezeit":"2\u00a0Minuten"},"schema":{"@context":"https:\/\/schema.org","@graph":[{"@type":"WebPage","@id":"https:\/\/www.chaletmasovecchio.it\/de\/cookie-richtlinie\/","url":"https:\/\/www.chaletmasovecchio.it\/de\/cookie-richtlinie\/","name":"Cookie-Richtlinie - Chalet Maso Vecchio","isPartOf":{"@id":"https:\/\/www.chaletmasovecchio.it\/de\/#website"},"datePublished":"2015-04-23T10:57:21+00:00","dateModified":"2025-07-16T10:33:45+00:00","breadcrumb":{"@id":"https:\/\/www.chaletmasovecchio.it\/de\/cookie-richtlinie\/#breadcrumb"},"inLanguage":"de","potentialAction":[{"@type":"ReadAction","target":["https:\/\/www.chaletmasovecchio.it\/de\/cookie-richtlinie\/"]}]},{"@type":"BreadcrumbList","@id":"https:\/\/www.chaletmasovecchio.it\/de\/cookie-richtlinie\/#breadcrumb","itemListElement":[{"@type":"ListItem","position":1,"name":"Home","item":"https:\/\/www.chaletmasovecchio.it\/de\/"},{"@type":"ListItem","position":2,"name":"Cookie-Richtlinie"}]},{"@type":"WebSite","@id":"https:\/\/www.chaletmasovecchio.it\/de\/#website","url":"https:\/\/www.chaletmasovecchio.it\/de\/","name":"Chalet Maso Vecchio","description":"","publisher":{"@id":"https:\/\/www.chaletmasovecchio.it\/de\/#organization"},"potentialAction":[{"@type":"SearchAction","target":{"@type":"EntryPoint","urlTemplate":"https:\/\/www.chaletmasovecchio.it\/de\/?s={search_term_string}"},"query-input":{"@type":"PropertyValueSpecification","valueRequired":true,"valueName":"search_term_string"}}],"inLanguage":"de"},{"@type":"Organization","@id":"https:\/\/www.chaletmasovecchio.it\/de\/#organization","name":"Chalet Maso Vecchio","url":"https:\/\/www.chaletmasovecchio.it\/de\/","logo":{"@type":"ImageObject","inLanguage":"de","@id":"https:\/\/www.chaletmasovecchio.it\/de\/#\/schema\/logo\/image\/","url":"https:\/\/www.chaletmasovecchio.it\/wp-content\/uploads\/2023\/12\/logo-baita_2x.png","contentUrl":"https:\/\/www.chaletmasovecchio.it\/wp-content\/uploads\/2023\/12\/logo-baita_2x.png","width":370,"height":150,"caption":"Chalet Maso Vecchio"},"image":{"@id":"https:\/\/www.chaletmasovecchio.it\/de\/#\/schema\/logo\/image\/"},"sameAs":["https:\/\/www.instagram.com\/chalet_maso_vecchio\/"]}]}},"_links":{"self":[{"href":"https:\/\/www.chaletmasovecchio.it\/de\/wp-json\/wp\/v2\/pages\/38665","targetHints":{"allow":["GET"]}}],"collection":[{"href":"https:\/\/www.chaletmasovecchio.it\/de\/wp-json\/wp\/v2\/pages"}],"about":[{"href":"https:\/\/www.chaletmasovecchio.it\/de\/wp-json\/wp\/v2\/types\/page"}],"author":[{"embeddable":true,"href":"https:\/\/www.chaletmasovecchio.it\/de\/wp-json\/wp\/v2\/users\/1"}],"replies":[{"embeddable":true,"href":"https:\/\/www.chaletmasovecchio.it\/de\/wp-json\/wp\/v2\/comments?post=38665"}],"version-history":[{"count":2,"href":"https:\/\/www.chaletmasovecchio.it\/de\/wp-json\/wp\/v2\/pages\/38665\/revisions"}],"predecessor-version":[{"id":38688,"href":"https:\/\/www.chaletmasovecchio.it\/de\/wp-json\/wp\/v2\/pages\/38665\/revisions\/38688"}],"wp:attachment":[{"href":"https:\/\/www.chaletmasovecchio.it\/de\/wp-json\/wp\/v2\/media?parent=38665"}],"curies":[{"name":"wp","href":"https:\/\/api.w.org\/{rel}","templated":true}]}}