{"id":38671,"date":"2023-08-12T15:56:18","date_gmt":"2023-08-12T13:56:18","guid":{"rendered":"https:\/\/www.chaletmasovecchio.it\/datenschutzbestimmungen\/"},"modified":"2025-07-16T12:34:02","modified_gmt":"2025-07-16T10:34:02","slug":"datenschutzbestimmungen","status":"publish","type":"page","link":"https:\/\/www.chaletmasovecchio.it\/de\/datenschutzbestimmungen\/","title":{"rendered":"Datenschutzbestimmungen"},"content":{"rendered":"\n<p><strong class=\"privacy-policy-tutorial\">Letzte \u00c4nderung: <\/strong>26. Dezember 2023<br\/><strong class=\"privacy-policy-tutorial\">Datum des Inkrafttretens: <\/strong>23. Dezember 2023<\/p>\n\n<p>Diese Datenschutzrichtlinie beschreibt die Richtlinien von Chalet Maso Vecchio, Localit\u00e0 Coalatti 1, 38053 Castello Tesino (TN), Italien, E-Mail: chaletmasovecchio@gmail.com, Telefon: +393773372022 \u00fcber die Erfassung, Verwendung und Weitergabe Ihrer Daten, die wir bei der Nutzung unserer Website (chaletmasovecchio.it), im Folgenden als &#8222;Service&#8220; bezeichnet, erfassen. Indem Sie auf den Service zugreifen oder ihn nutzen, erkl\u00e4ren Sie sich mit der Erfassung, Verwendung und Weitergabe Ihrer Daten in \u00dcbereinstimmung mit dieser Datenschutzerkl\u00e4rung einverstanden. Wenn Sie damit nicht einverstanden sind, verzichten Sie bitte auf den Zugriff auf den Service oder dessen Nutzung.  <\/p>\n\n<p>Wir k\u00f6nnen diese Datenschutzrichtlinie jederzeit ohne Vorank\u00fcndigung \u00e4ndern und werden die ge\u00e4nderte Datenschutzrichtlinie auf dem Service ver\u00f6ffentlichen. Die ge\u00e4nderte Datenschutzrichtlinie tritt 180 Tage nach der Ver\u00f6ffentlichung der ge\u00e4nderten Datenschutzrichtlinie im Service in Kraft, und wenn Sie nach diesem Zeitpunkt weiterhin auf den Service zugreifen oder ihn nutzen, erkl\u00e4ren Sie sich mit der ge\u00e4nderten Datenschutzrichtlinie einverstanden. Sie sollten diese Seite daher regelm\u00e4\u00dfig \u00fcberpr\u00fcfen.  <\/p>\n\n<h2 class=\"wp-block-heading\">Gesammelte Informationen<\/h2>\n\n<p>Wir werden die folgenden pers\u00f6nlichen Daten \u00fcber Sie sammeln und verarbeiten: Vorname, Nachname, E-Mail, Mobiltelefon, Geburtsdatum.  <\/p>\n\n<h2 class=\"wp-block-heading\">Wie wir Ihre Informationen verwenden<\/h2>\n\n<p>Wir werden die Informationen, die wir \u00fcber Sie sammeln, f\u00fcr die folgenden Zwecke verwenden: Marketing\/Werbung und Testimonials.<\/p>\n\n<p>Wenn wir Ihre Daten f\u00fcr einen anderen Zweck verwenden m\u00f6chten, werden wir Sie um Ihr Einverst\u00e4ndnis bitten und Ihre Daten nur nach Erhalt Ihrer Zustimmung und dann nur f\u00fcr den Zweck oder die Zwecke verwenden, f\u00fcr die wir die Zustimmung erteilt haben, es sei denn, wir sind gesetzlich zu etwas anderem verpflichtet.<\/p>\n\n<h2 class=\"wp-block-heading\">Wie wir Ihre Informationen weitergeben<\/h2>\n\n<p>Wir werden Ihre pers\u00f6nlichen Daten nicht an Dritte weitergeben, ohne Sie um Ihre Zustimmung zu bitten, au\u00dfer unter den nachfolgend beschriebenen begrenzten Umst\u00e4nden: Werbedienstleistungen und Analysen\/Statistiken.<\/p>\n\n<p>Wir verlangen von diesen Dritten, dass sie die personenbezogenen Daten, die wir ihnen \u00fcbermitteln, nur f\u00fcr den Zweck verwenden, f\u00fcr den sie \u00fcbermittelt wurden, und sie nicht l\u00e4nger aufbewahren, als es zur Erf\u00fcllung dieses Zwecks erforderlich ist.<\/p>\n\n<p>Wir k\u00f6nnen Ihre pers\u00f6nlichen Daten auch aus den folgenden Gr\u00fcnden offenlegen: (1) zur Einhaltung von Gesetzen, Vorschriften, Gerichtsbeschl\u00fcssen oder anderen rechtlichen Verfahren; (2) zur Durchsetzung von Vertr\u00e4gen mit uns, einschlie\u00dflich dieser Datenschutzrichtlinie; oder (3) um auf Klagen zu reagieren, dass Ihre Nutzung des Dienstes die Rechte Dritter verletzt hat. Falls der Dienst oder unser Unternehmen mit einem anderen Unternehmen fusioniert oder \u00fcbernommen wird, geh\u00f6ren Ihre Daten zu den Verm\u00f6genswerten, die an den neuen Eigent\u00fcmer \u00fcbertragen werden. <\/p>\n\n<h2 class=\"wp-block-heading\">Aufbewahrung Ihrer Daten<\/h2>\n\n<p>Wir bewahren Ihre pers\u00f6nlichen Daten zwischen 90 Tagen und 2 Jahren nach der Inaktivit\u00e4t Ihres Kontos oder so lange auf, wie es f\u00fcr die Erf\u00fcllung der Zwecke, f\u00fcr die sie gesammelt wurden, erforderlich ist, wie in dieser Datenschutzrichtlinie angegeben. Es kann sein, dass wir bestimmte Informationen l\u00e4nger aufbewahren m\u00fcssen, z.B. f\u00fcr die Aufbewahrung von Daten\/Beziehungen in \u00dcbereinstimmung mit geltendem Recht oder aus anderen legitimen Gr\u00fcnden, wie z.B. zur Durchsetzung gesetzlicher Rechte, zur Betrugsbek\u00e4mpfung usw. Anonyme und zusammengefasste Restdaten, die Sie nicht (direkt oder indirekt) identifizieren, k\u00f6nnen auf unbestimmte Zeit gespeichert werden. <\/p>\n\n<h2 class=\"wp-block-heading\">Ihre Rechte<\/h2>\n\n<p>Je nach geltendem Recht haben Sie das Recht, auf Ihre personenbezogenen Daten zuzugreifen, sie zu berichtigen oder zu l\u00f6schen oder eine Kopie davon zu erhalten, die aktive Verarbeitung Ihrer Daten einzuschr\u00e4nken oder ihr zu widersprechen, uns zu bitten, Ihre personenbezogenen Daten an eine andere Stelle weiterzugeben (zu \u00fcbertragen), Ihre Zustimmung zur Verarbeitung Ihrer Daten zu widerrufen, eine Beschwerde bei einer Justizbeh\u00f6rde einzureichen und alle anderen Rechte auszu\u00fcben, die durch die geltenden Gesetze vorgesehen sind. Um diese Rechte auszu\u00fcben, k\u00f6nnen Sie sich schriftlich an uns wenden: chaletmasovecchio@gmail.com. Wir werden Ihre Anfrage in \u00dcbereinstimmung mit dem geltenden Recht beantworten.  <\/p>\n\n<p>Sie k\u00f6nnen sich gegen Direktmarketing oder Profiling durch uns zu Marketingzwecken entscheiden, indem Sie uns an chaletmasovecchio@gmail.com schreiben.<\/p>\n\n<p>Bitte beachten Sie, dass Sie m\u00f6glicherweise nicht in der Lage sind, auf die Dienste, f\u00fcr die Sie die Informationen angefordert haben, zuzugreifen oder diese zu nutzen, wenn Sie der Erhebung oder Verarbeitung der angeforderten personenbezogenen Daten nicht zustimmen oder Ihre Zustimmung zur Verarbeitung f\u00fcr die angeforderten Zwecke zur\u00fcckziehen.<\/p>\n\n<h2 class=\"wp-block-heading\">Cookies<\/h2>\n\n<p>Weitere Informationen \u00fcber die Verwendung dieser Technologien und Ihre Wahlm\u00f6glichkeiten bez\u00fcglich dieser Tracking-Technologien finden Sie in unserer <a href=\"https:\/\/privacypolicy.cookieyes.com\/chaletmasovecchio.it\/cookie-policy\">Cookie-Richtlinie<\/a>.<\/p>\n\n<h2 class=\"wp-block-heading\">Sicherheit<\/h2>\n\n<p>Die Sicherheit Ihrer Daten ist uns wichtig und wir werden angemessene Sicherheitsma\u00dfnahmen ergreifen, um den Verlust, den Missbrauch oder die unbefugte \u00c4nderung Ihrer Daten unter unserer Kontrolle zu verhindern. Aufgrund der damit verbundenen Risiken k\u00f6nnen wir jedoch keine absolute Sicherheit garantieren. Daher k\u00f6nnen wir die Sicherheit von Informationen, die Sie uns \u00fcbermitteln, nicht gew\u00e4hrleisten oder garantieren, und Sie tun dies auf eigenes Risiko. <\/p>\n\n<h2 class=\"wp-block-heading\">Links zu Drittanbietern und Verwendung von Benutzerinformationen<\/h2>\n\n<p>Unser Service kann Links zu anderen Websites enthalten, die nicht von uns betrieben werden. Diese Datenschutzrichtlinie gilt nicht f\u00fcr die Datenschutzrichtlinien und andere Praktiken Dritter, einschlie\u00dflich Dritter, die Websites oder Dienste betreiben, die \u00fcber einen Link im Service zug\u00e4nglich sind. Wir empfehlen Ihnen dringend, die Datenschutzrichtlinien jeder Website, die Sie besuchen, zu \u00fcberpr\u00fcfen. Wir haben keine Kontrolle \u00fcber den Inhalt, die Datenschutzrichtlinien oder die Praktiken von Websites oder Diensten Dritter und \u00fcbernehmen keine Verantwortung f\u00fcr diese.   <\/p>\n\n<h2 class=\"wp-block-heading\">Reklamationen und Datenschutz<\/h2>\n\n<p>Wenn Sie Fragen oder Bedenken bez\u00fcglich der Verarbeitung Ihrer bei uns vorhandenen Daten haben, senden Sie bitte eine E-Mail an Chalet Maso Vecchio, Localit\u00e0 Coalatti 1, 38053 Castello Tesino (TN), E-Mail: chaletmasovecchio@gmail.com. Wir werden Ihre Bedenken in \u00dcbereinstimmung mit dem geltenden Recht behandeln. <\/p>\n","protected":false},"excerpt":{"rendered":"<p>Letzte \u00c4nderung: 26. Dezember 2023Datum des Inkrafttretens: 23. Dezember 2023 Diese Datenschutzrichtlinie beschreibt die Richtlinien von Chalet Maso Vecchio, Localit\u00e0 Coalatti 1, 38053 Castello Tesino (TN), Italien, E-Mail: chaletmasovecchio@gmail.com, Telefon: +393773372022 \u00fcber die Erfassung, Verwendung und Weitergabe Ihrer Daten, die wir bei der Nutzung unserer Website (chaletmasovecchio.it), im Folgenden als &#8222;Service&#8220; bezeichnet, erfassen. Indem Sie &#8230;<\/p>\n","protected":false},"author":1,"featured_media":0,"parent":0,"menu_order":0,"comment_status":"closed","ping_status":"open","template":"","meta":{"footnotes":""},"class_list":["post-38671","page","type-page","status-publish","hentry"],"yoast_head":"<!-- This site is optimized with the Yoast SEO plugin v27.4 - https:\/\/yoast.com\/product\/yoast-seo-wordpress\/ -->\n<title>Datenschutzbestimmungen - Chalet Maso Vecchio<\/title>\n<meta name=\"robots\" content=\"index, follow, max-snippet:-1, max-image-preview:large, max-video-preview:-1\" \/>\n<link rel=\"canonical\" href=\"https:\/\/www.chaletmasovecchio.it\/de\/datenschutzbestimmungen\/\" \/>\n<meta property=\"og:locale\" content=\"de_DE\" \/>\n<meta property=\"og:type\" content=\"article\" \/>\n<meta property=\"og:title\" content=\"Datenschutzbestimmungen - Chalet Maso Vecchio\" \/>\n<meta property=\"og:description\" content=\"Letzte \u00c4nderung: 26. Dezember 2023Datum des Inkrafttretens: 23. Dezember 2023 Diese Datenschutzrichtlinie beschreibt die Richtlinien von Chalet Maso Vecchio, Localit\u00e0 Coalatti 1, 38053 Castello Tesino (TN), Italien, E-Mail: chaletmasovecchio@gmail.com, Telefon: +393773372022 \u00fcber die Erfassung, Verwendung und Weitergabe Ihrer Daten, die wir bei der Nutzung unserer Website (chaletmasovecchio.it), im Folgenden als &#8222;Service&#8220; bezeichnet, erfassen. Indem Sie ...\" \/>\n<meta property=\"og:url\" content=\"https:\/\/www.chaletmasovecchio.it\/de\/datenschutzbestimmungen\/\" \/>\n<meta property=\"og:site_name\" content=\"Chalet Maso Vecchio\" \/>\n<meta property=\"article:modified_time\" content=\"2025-07-16T10:34:02+00:00\" \/>\n<meta name=\"twitter:card\" content=\"summary_large_image\" \/>\n<meta name=\"twitter:label1\" content=\"Gesch\u00e4tzte Lesezeit\" \/>\n\t<meta name=\"twitter:data1\" content=\"5\u00a0Minuten\" \/>\n<script type=\"application\/ld+json\" class=\"yoast-schema-graph\">{\"@context\":\"https:\\\/\\\/schema.org\",\"@graph\":[{\"@type\":\"WebPage\",\"@id\":\"https:\\\/\\\/www.chaletmasovecchio.it\\\/de\\\/datenschutzbestimmungen\\\/\",\"url\":\"https:\\\/\\\/www.chaletmasovecchio.it\\\/de\\\/datenschutzbestimmungen\\\/\",\"name\":\"Datenschutzbestimmungen - Chalet Maso Vecchio\",\"isPartOf\":{\"@id\":\"https:\\\/\\\/www.chaletmasovecchio.it\\\/de\\\/#website\"},\"datePublished\":\"2023-08-12T13:56:18+00:00\",\"dateModified\":\"2025-07-16T10:34:02+00:00\",\"breadcrumb\":{\"@id\":\"https:\\\/\\\/www.chaletmasovecchio.it\\\/de\\\/datenschutzbestimmungen\\\/#breadcrumb\"},\"inLanguage\":\"de\",\"potentialAction\":[{\"@type\":\"ReadAction\",\"target\":[\"https:\\\/\\\/www.chaletmasovecchio.it\\\/de\\\/datenschutzbestimmungen\\\/\"]}]},{\"@type\":\"BreadcrumbList\",\"@id\":\"https:\\\/\\\/www.chaletmasovecchio.it\\\/de\\\/datenschutzbestimmungen\\\/#breadcrumb\",\"itemListElement\":[{\"@type\":\"ListItem\",\"position\":1,\"name\":\"Home\",\"item\":\"https:\\\/\\\/www.chaletmasovecchio.it\\\/de\\\/\"},{\"@type\":\"ListItem\",\"position\":2,\"name\":\"Datenschutzbestimmungen\"}]},{\"@type\":\"WebSite\",\"@id\":\"https:\\\/\\\/www.chaletmasovecchio.it\\\/de\\\/#website\",\"url\":\"https:\\\/\\\/www.chaletmasovecchio.it\\\/de\\\/\",\"name\":\"Chalet Maso Vecchio\",\"description\":\"\",\"publisher\":{\"@id\":\"https:\\\/\\\/www.chaletmasovecchio.it\\\/de\\\/#organization\"},\"potentialAction\":[{\"@type\":\"SearchAction\",\"target\":{\"@type\":\"EntryPoint\",\"urlTemplate\":\"https:\\\/\\\/www.chaletmasovecchio.it\\\/de\\\/?s={search_term_string}\"},\"query-input\":{\"@type\":\"PropertyValueSpecification\",\"valueRequired\":true,\"valueName\":\"search_term_string\"}}],\"inLanguage\":\"de\"},{\"@type\":\"Organization\",\"@id\":\"https:\\\/\\\/www.chaletmasovecchio.it\\\/de\\\/#organization\",\"name\":\"Chalet Maso Vecchio\",\"url\":\"https:\\\/\\\/www.chaletmasovecchio.it\\\/de\\\/\",\"logo\":{\"@type\":\"ImageObject\",\"inLanguage\":\"de\",\"@id\":\"https:\\\/\\\/www.chaletmasovecchio.it\\\/de\\\/#\\\/schema\\\/logo\\\/image\\\/\",\"url\":\"https:\\\/\\\/www.chaletmasovecchio.it\\\/wp-content\\\/uploads\\\/2023\\\/12\\\/logo-baita_2x.png\",\"contentUrl\":\"https:\\\/\\\/www.chaletmasovecchio.it\\\/wp-content\\\/uploads\\\/2023\\\/12\\\/logo-baita_2x.png\",\"width\":370,\"height\":150,\"caption\":\"Chalet Maso Vecchio\"},\"image\":{\"@id\":\"https:\\\/\\\/www.chaletmasovecchio.it\\\/de\\\/#\\\/schema\\\/logo\\\/image\\\/\"},\"sameAs\":[\"https:\\\/\\\/www.instagram.com\\\/chalet_maso_vecchio\\\/\"]}]}<\/script>\n<!-- \/ Yoast SEO plugin. -->","yoast_head_json":{"title":"Datenschutzbestimmungen - Chalet Maso Vecchio","robots":{"index":"index","follow":"follow","max-snippet":"max-snippet:-1","max-image-preview":"max-image-preview:large","max-video-preview":"max-video-preview:-1"},"canonical":"https:\/\/www.chaletmasovecchio.it\/de\/datenschutzbestimmungen\/","og_locale":"de_DE","og_type":"article","og_title":"Datenschutzbestimmungen - Chalet Maso Vecchio","og_description":"Letzte \u00c4nderung: 26. Dezember 2023Datum des Inkrafttretens: 23. Dezember 2023 Diese Datenschutzrichtlinie beschreibt die Richtlinien von Chalet Maso Vecchio, Localit\u00e0 Coalatti 1, 38053 Castello Tesino (TN), Italien, E-Mail: chaletmasovecchio@gmail.com, Telefon: +393773372022 \u00fcber die Erfassung, Verwendung und Weitergabe Ihrer Daten, die wir bei der Nutzung unserer Website (chaletmasovecchio.it), im Folgenden als &#8222;Service&#8220; bezeichnet, erfassen. Indem Sie ...","og_url":"https:\/\/www.chaletmasovecchio.it\/de\/datenschutzbestimmungen\/","og_site_name":"Chalet Maso Vecchio","article_modified_time":"2025-07-16T10:34:02+00:00","twitter_card":"summary_large_image","twitter_misc":{"Gesch\u00e4tzte Lesezeit":"5\u00a0Minuten"},"schema":{"@context":"https:\/\/schema.org","@graph":[{"@type":"WebPage","@id":"https:\/\/www.chaletmasovecchio.it\/de\/datenschutzbestimmungen\/","url":"https:\/\/www.chaletmasovecchio.it\/de\/datenschutzbestimmungen\/","name":"Datenschutzbestimmungen - Chalet Maso Vecchio","isPartOf":{"@id":"https:\/\/www.chaletmasovecchio.it\/de\/#website"},"datePublished":"2023-08-12T13:56:18+00:00","dateModified":"2025-07-16T10:34:02+00:00","breadcrumb":{"@id":"https:\/\/www.chaletmasovecchio.it\/de\/datenschutzbestimmungen\/#breadcrumb"},"inLanguage":"de","potentialAction":[{"@type":"ReadAction","target":["https:\/\/www.chaletmasovecchio.it\/de\/datenschutzbestimmungen\/"]}]},{"@type":"BreadcrumbList","@id":"https:\/\/www.chaletmasovecchio.it\/de\/datenschutzbestimmungen\/#breadcrumb","itemListElement":[{"@type":"ListItem","position":1,"name":"Home","item":"https:\/\/www.chaletmasovecchio.it\/de\/"},{"@type":"ListItem","position":2,"name":"Datenschutzbestimmungen"}]},{"@type":"WebSite","@id":"https:\/\/www.chaletmasovecchio.it\/de\/#website","url":"https:\/\/www.chaletmasovecchio.it\/de\/","name":"Chalet Maso Vecchio","description":"","publisher":{"@id":"https:\/\/www.chaletmasovecchio.it\/de\/#organization"},"potentialAction":[{"@type":"SearchAction","target":{"@type":"EntryPoint","urlTemplate":"https:\/\/www.chaletmasovecchio.it\/de\/?s={search_term_string}"},"query-input":{"@type":"PropertyValueSpecification","valueRequired":true,"valueName":"search_term_string"}}],"inLanguage":"de"},{"@type":"Organization","@id":"https:\/\/www.chaletmasovecchio.it\/de\/#organization","name":"Chalet Maso Vecchio","url":"https:\/\/www.chaletmasovecchio.it\/de\/","logo":{"@type":"ImageObject","inLanguage":"de","@id":"https:\/\/www.chaletmasovecchio.it\/de\/#\/schema\/logo\/image\/","url":"https:\/\/www.chaletmasovecchio.it\/wp-content\/uploads\/2023\/12\/logo-baita_2x.png","contentUrl":"https:\/\/www.chaletmasovecchio.it\/wp-content\/uploads\/2023\/12\/logo-baita_2x.png","width":370,"height":150,"caption":"Chalet Maso Vecchio"},"image":{"@id":"https:\/\/www.chaletmasovecchio.it\/de\/#\/schema\/logo\/image\/"},"sameAs":["https:\/\/www.instagram.com\/chalet_maso_vecchio\/"]}]}},"_links":{"self":[{"href":"https:\/\/www.chaletmasovecchio.it\/de\/wp-json\/wp\/v2\/pages\/38671","targetHints":{"allow":["GET"]}}],"collection":[{"href":"https:\/\/www.chaletmasovecchio.it\/de\/wp-json\/wp\/v2\/pages"}],"about":[{"href":"https:\/\/www.chaletmasovecchio.it\/de\/wp-json\/wp\/v2\/types\/page"}],"author":[{"embeddable":true,"href":"https:\/\/www.chaletmasovecchio.it\/de\/wp-json\/wp\/v2\/users\/1"}],"replies":[{"embeddable":true,"href":"https:\/\/www.chaletmasovecchio.it\/de\/wp-json\/wp\/v2\/comments?post=38671"}],"version-history":[{"count":1,"href":"https:\/\/www.chaletmasovecchio.it\/de\/wp-json\/wp\/v2\/pages\/38671\/revisions"}],"predecessor-version":[{"id":38672,"href":"https:\/\/www.chaletmasovecchio.it\/de\/wp-json\/wp\/v2\/pages\/38671\/revisions\/38672"}],"wp:attachment":[{"href":"https:\/\/www.chaletmasovecchio.it\/de\/wp-json\/wp\/v2\/media?parent=38671"}],"curies":[{"name":"wp","href":"https:\/\/api.w.org\/{rel}","templated":true}]}}